{"id":323,"date":"2019-02-04T20:10:23","date_gmt":"2019-02-04T19:10:23","guid":{"rendered":"https:\/\/www.musikvereinigung-tiefenbach.de\/?page_id=323"},"modified":"2019-02-16T13:10:55","modified_gmt":"2019-02-16T12:10:55","slug":"sponsoren","status":"publish","type":"page","link":"https:\/\/www.musikvereinigung-tiefenbach.de\/?page_id=323","title":{"rendered":"Sponsoren"},"content":{"rendered":"<p><\/p>\n<blockquote class=\"wp-block-quote\">\n<p><strong>Der Applaus ist das Brot des K\u00fcnstlers&#8230;<\/strong><\/p>\n<p><cite>Johannes Gross<\/cite><\/p><\/blockquote>\n<p><\/p>\n<p><\/p>\n<p>&#8230; nicht nur. Die andere H\u00e4lfte der Realit\u00e4t ist finanzieller Natur. Wir werden unterst\u00fctzt von den unten aufgef\u00fchrten Partnern. <br \/>Einen herzlichen Dank gilt auch allen privaten G\u00f6nnern unseres Vereins.<\/p>\n<p><\/p>\n<p><\/p>\n<figure class=\"wp-block-image alignfull\"><img loading=\"lazy\" decoding=\"async\" width=\"1024\" height=\"768\" src=\"https:\/\/www.musikvereinigung-tiefenbach.de\/wp-content\/uploads\/2019\/02\/IMG_0520-1024x768.jpg\" alt=\"\" class=\"wp-image-407\" srcset=\"https:\/\/www.musikvereinigung-tiefenbach.de\/wp-content\/uploads\/2019\/02\/IMG_0520-1024x768.jpg 1024w, https:\/\/www.musikvereinigung-tiefenbach.de\/wp-content\/uploads\/2019\/02\/IMG_0520-300x225.jpg 300w, https:\/\/www.musikvereinigung-tiefenbach.de\/wp-content\/uploads\/2019\/02\/IMG_0520-768x576.jpg 768w\" sizes=\"(max-width: 1024px) 100vw, 1024px\" \/><\/figure>\n<p><\/p>\n<p><\/p>\n<ul class=\"wp-block-gallery aligncenter columns-2 wp-block-gallery-1 is-layout-flex wp-block-gallery-is-layout-flex\">\n<li class=\"blocks-gallery-item\">\n<figure><img loading=\"lazy\" decoding=\"async\" width=\"1024\" height=\"438\" src=\"https:\/\/www.musikvereinigung-tiefenbach.de\/wp-content\/uploads\/2019\/01\/FTS-Logo-1024x438.png\" alt=\"\" data-id=\"327\" data-link=\"https:\/\/www.musikvereinigung-tiefenbach.de\/?attachment_id=327\" class=\"wp-image-327\" srcset=\"https:\/\/www.musikvereinigung-tiefenbach.de\/wp-content\/uploads\/2019\/01\/FTS-Logo-1024x438.png 1024w, https:\/\/www.musikvereinigung-tiefenbach.de\/wp-content\/uploads\/2019\/01\/FTS-Logo-300x128.png 300w, https:\/\/www.musikvereinigung-tiefenbach.de\/wp-content\/uploads\/2019\/01\/FTS-Logo-768x328.png 768w, https:\/\/www.musikvereinigung-tiefenbach.de\/wp-content\/uploads\/2019\/01\/FTS-Logo.png 2007w\" sizes=\"(max-width: 1024px) 100vw, 1024px\" \/><\/figure>\n<\/li>\n<li class=\"blocks-gallery-item\">\n<figure><img loading=\"lazy\" decoding=\"async\" width=\"684\" height=\"148\" src=\"https:\/\/www.musikvereinigung-tiefenbach.de\/wp-content\/uploads\/2019\/02\/adl.png\" alt=\"\" data-id=\"333\" data-link=\"https:\/\/www.musikvereinigung-tiefenbach.de\/?attachment_id=333\" class=\"wp-image-333\" srcset=\"https:\/\/www.musikvereinigung-tiefenbach.de\/wp-content\/uploads\/2019\/02\/adl.png 684w, https:\/\/www.musikvereinigung-tiefenbach.de\/wp-content\/uploads\/2019\/02\/adl-300x65.png 300w\" sizes=\"(max-width: 684px) 100vw, 684px\" \/><\/figure>\n<\/li>\n<li class=\"blocks-gallery-item\">\n<figure><img loading=\"lazy\" decoding=\"async\" width=\"140\" height=\"140\" src=\"https:\/\/www.musikvereinigung-tiefenbach.de\/wp-content\/uploads\/2019\/02\/umseck.png\" alt=\"\" data-id=\"335\" data-link=\"https:\/\/www.musikvereinigung-tiefenbach.de\/?attachment_id=335\" class=\"wp-image-335\"\/><\/figure>\n<\/li>\n<li class=\"blocks-gallery-item\">\n<figure><img loading=\"lazy\" decoding=\"async\" width=\"1024\" height=\"140\" src=\"https:\/\/www.musikvereinigung-tiefenbach.de\/wp-content\/uploads\/2019\/02\/miller-1024x140.jpg\" alt=\"\" data-id=\"337\" data-link=\"https:\/\/www.musikvereinigung-tiefenbach.de\/?attachment_id=337\" class=\"wp-image-337\" srcset=\"https:\/\/www.musikvereinigung-tiefenbach.de\/wp-content\/uploads\/2019\/02\/miller-1024x140.jpg 1024w, https:\/\/www.musikvereinigung-tiefenbach.de\/wp-content\/uploads\/2019\/02\/miller-300x41.jpg 300w, https:\/\/www.musikvereinigung-tiefenbach.de\/wp-content\/uploads\/2019\/02\/miller-768x105.jpg 768w, https:\/\/www.musikvereinigung-tiefenbach.de\/wp-content\/uploads\/2019\/02\/miller.jpg 1028w\" sizes=\"(max-width: 1024px) 100vw, 1024px\" \/><\/figure>\n<\/li>\n<\/ul>\n<p><\/p>\n","protected":false},"excerpt":{"rendered":"<p>Der Applaus ist das Brot des K\u00fcnstlers&#8230; Johannes Gross &#8230; nicht nur. Die andere H\u00e4lfte der Realit\u00e4t ist finanzieller Natur. Wir werden unterst\u00fctzt von den unten aufgef\u00fchrten Partnern. Einen herzlichen Dank gilt auch allen privaten G\u00f6nnern unseres Vereins.<\/p>\n","protected":false},"author":1,"featured_media":0,"parent":0,"menu_order":0,"comment_status":"closed","ping_status":"closed","template":"","meta":{"footnotes":""},"_links":{"self":[{"href":"https:\/\/www.musikvereinigung-tiefenbach.de\/index.php?rest_route=\/wp\/v2\/pages\/323"}],"collection":[{"href":"https:\/\/www.musikvereinigung-tiefenbach.de\/index.php?rest_route=\/wp\/v2\/pages"}],"about":[{"href":"https:\/\/www.musikvereinigung-tiefenbach.de\/index.php?rest_route=\/wp\/v2\/types\/page"}],"author":[{"embeddable":true,"href":"https:\/\/www.musikvereinigung-tiefenbach.de\/index.php?rest_route=\/wp\/v2\/users\/1"}],"replies":[{"embeddable":true,"href":"https:\/\/www.musikvereinigung-tiefenbach.de\/index.php?rest_route=%2Fwp%2Fv2%2Fcomments&post=323"}],"version-history":[{"count":11,"href":"https:\/\/www.musikvereinigung-tiefenbach.de\/index.php?rest_route=\/wp\/v2\/pages\/323\/revisions"}],"predecessor-version":[{"id":416,"href":"https:\/\/www.musikvereinigung-tiefenbach.de\/index.php?rest_route=\/wp\/v2\/pages\/323\/revisions\/416"}],"wp:attachment":[{"href":"https:\/\/www.musikvereinigung-tiefenbach.de\/index.php?rest_route=%2Fwp%2Fv2%2Fmedia&parent=323"}],"curies":[{"name":"wp","href":"https:\/\/api.w.org\/{rel}","templated":true}]}}